{"id":24,"date":"2026-04-24T10:23:49","date_gmt":"2026-04-24T10:23:49","guid":{"rendered":"https:\/\/virunga-coffee.com\/?page_id=24"},"modified":"2026-04-24T12:14:27","modified_gmt":"2026-04-24T12:14:27","slug":"accueil","status":"publish","type":"page","link":"https:\/\/virunga-coffee.com\/en\/","title":{"rendered":"Accueil"},"content":{"rendered":"<div class=\"wp-block-cover alignwide\" style=\"min-height:338px;aspect-ratio:unset;\"><img loading=\"lazy\" decoding=\"async\" width=\"300\" height=\"200\" class=\"wp-block-cover__image-background wp-image-126 size-medium\" alt=\"\" src=\"https:\/\/virunga-coffee.com\/wp-content\/uploads\/2026\/04\/COOPAC-Gishamwana-\u2013-Nkora-Kigeyo-CWS-Kabirizi-02.05-Nicole-Motteux-88-300x200.jpeg\" style=\"object-position:30% 56%\" data-object-fit=\"cover\" data-object-position=\"30% 56%\" srcset=\"https:\/\/virunga-coffee.com\/wp-content\/uploads\/2026\/04\/COOPAC-Gishamwana-\u2013-Nkora-Kigeyo-CWS-Kabirizi-02.05-Nicole-Motteux-88-300x200.jpeg 300w, https:\/\/virunga-coffee.com\/wp-content\/uploads\/2026\/04\/COOPAC-Gishamwana-\u2013-Nkora-Kigeyo-CWS-Kabirizi-02.05-Nicole-Motteux-88-scaled-600x400.jpeg 600w, https:\/\/virunga-coffee.com\/wp-content\/uploads\/2026\/04\/COOPAC-Gishamwana-\u2013-Nkora-Kigeyo-CWS-Kabirizi-02.05-Nicole-Motteux-88-1024x683.jpeg 1024w, https:\/\/virunga-coffee.com\/wp-content\/uploads\/2026\/04\/COOPAC-Gishamwana-\u2013-Nkora-Kigeyo-CWS-Kabirizi-02.05-Nicole-Motteux-88-768x512.jpeg 768w, https:\/\/virunga-coffee.com\/wp-content\/uploads\/2026\/04\/COOPAC-Gishamwana-\u2013-Nkora-Kigeyo-CWS-Kabirizi-02.05-Nicole-Motteux-88-1536x1024.jpeg 1536w, https:\/\/virunga-coffee.com\/wp-content\/uploads\/2026\/04\/COOPAC-Gishamwana-\u2013-Nkora-Kigeyo-CWS-Kabirizi-02.05-Nicole-Motteux-88-2048x1365.jpeg 2048w, https:\/\/virunga-coffee.com\/wp-content\/uploads\/2026\/04\/COOPAC-Gishamwana-\u2013-Nkora-Kigeyo-CWS-Kabirizi-02.05-Nicole-Motteux-88-18x12.jpeg 18w, https:\/\/virunga-coffee.com\/wp-content\/uploads\/2026\/04\/COOPAC-Gishamwana-\u2013-Nkora-Kigeyo-CWS-Kabirizi-02.05-Nicole-Motteux-88-1320x880.jpeg 1320w\" sizes=\"auto, (max-width: 300px) 100vw, 300px\" \/><span aria-hidden=\"true\" class=\"wp-block-cover__background has-background-dim\"><\/span><div class=\"wp-block-cover__inner-container is-layout-flow wp-block-cover-is-layout-flow\">\n<h5 class=\"wp-block-heading has-luminous-vivid-amber-color has-text-color has-link-color wp-elements-40db219575b1585a05e60a2534bb0bfc\"><em>Du c\u0153ur des Virunga \u00e0 votre tasse<\/em><\/h5>\n\n\n\n<p class=\"has-text-align-left\">Des caf\u00e9s de sp\u00e9cialit\u00e9 sourc\u00e9s au Rwanda et en R\u00e9publique D\u00e9mocratique du Congo, r\u00e9v\u00e9lant toute la richesse de leurs terroirs.<\/p>\n\n\n\n<div class=\"wp-block-buttons is-content-justification-left is-layout-flex wp-container-core-buttons-is-layout-f3afa3a0 wp-block-buttons-is-layout-flex\">\n<div class=\"wp-block-button\"><a class=\"wp-block-button__link has-text-align-center wp-element-button\" href=\"https:\/\/virunga-coffee.com\/en\/boutique\/\">D\u00e9couvrir la boutique<\/a><\/div>\n<\/div>\n<\/div><\/div>\n\n\n\n<p><\/p>","protected":false},"excerpt":{"rendered":"","protected":false},"author":1,"featured_media":0,"parent":0,"menu_order":0,"comment_status":"closed","ping_status":"closed","template":"","meta":{"footnotes":""},"class_list":["post-24","page","type-page","status-publish","hentry"],"blocksy_meta":[],"jetpack_sharing_enabled":true,"_links":{"self":[{"href":"https:\/\/virunga-coffee.com\/en\/wp-json\/wp\/v2\/pages\/24","targetHints":{"allow":["GET"]}}],"collection":[{"href":"https:\/\/virunga-coffee.com\/en\/wp-json\/wp\/v2\/pages"}],"about":[{"href":"https:\/\/virunga-coffee.com\/en\/wp-json\/wp\/v2\/types\/page"}],"author":[{"embeddable":true,"href":"https:\/\/virunga-coffee.com\/en\/wp-json\/wp\/v2\/users\/1"}],"replies":[{"embeddable":true,"href":"https:\/\/virunga-coffee.com\/en\/wp-json\/wp\/v2\/comments?post=24"}],"version-history":[{"count":17,"href":"https:\/\/virunga-coffee.com\/en\/wp-json\/wp\/v2\/pages\/24\/revisions"}],"predecessor-version":[{"id":162,"href":"https:\/\/virunga-coffee.com\/en\/wp-json\/wp\/v2\/pages\/24\/revisions\/162"}],"wp:attachment":[{"href":"https:\/\/virunga-coffee.com\/en\/wp-json\/wp\/v2\/media?parent=24"}],"curies":[{"name":"wp","href":"https:\/\/api.w.org\/{rel}","templated":true}]}}