{"id":138,"date":"2026-04-24T11:51:47","date_gmt":"2026-04-24T11:51:47","guid":{"rendered":"https:\/\/virunga-coffee.com\/?post_type=product&#038;p=138"},"modified":"2026-04-24T11:52:10","modified_gmt":"2026-04-24T11:52:10","slug":"keza","status":"publish","type":"product","link":"https:\/\/virunga-coffee.com\/en\/product\/keza\/","title":{"rendered":"Keza"},"content":{"rendered":"<p>Keza est un caf\u00e9 Arabica premium issu des hautes terres volcaniques de la province de l\u2019Ouest du Rwanda.<\/p>\n<p>Cultiv\u00e9 en altitude et soigneusement transform\u00e9, il r\u00e9v\u00e8le une tasse nette, \u00e9l\u00e9gante et parfaitement \u00e9quilibr\u00e9e, fid\u00e8le \u00e0 la richesse de son terroir d\u2019origine.<\/p>\n<p>Origine : Rwanda<br \/>\nR\u00e9gion : Province de l\u2019Ouest<br \/>\nAltitude : 1800 \u2013 2100 m<br \/>\nVari\u00e9t\u00e9 : Bourbon Arabica<br \/>\nProcess : Lav\u00e9 (Fully Washed)<br \/>\nSol : Volcanique<\/p>\n<p>Certifi\u00e9 Bio (EU) et Fairtrade.<\/p>\n<p>Disponible en grains ou moulu.<\/p>","protected":false},"excerpt":{"rendered":"<p>Caf\u00e9 Arabica premium du Rwanda, aux profils \u00e9l\u00e9gants et \u00e9quilibr\u00e9s, issu de terroirs volcaniques d\u2019altitude.<\/p>","protected":false},"featured_media":37,"comment_status":"open","ping_status":"closed","template":"","meta":[],"product_brand":[],"product_cat":[18],"product_tag":[],"class_list":{"0":"post-138","1":"product","2":"type-product","3":"status-publish","4":"has-post-thumbnail","6":"product_cat-rwanda","8":"first","9":"instock","10":"shipping-taxable","11":"purchasable","12":"product-type-variable"},"jetpack_sharing_enabled":true,"_links":{"self":[{"href":"https:\/\/virunga-coffee.com\/en\/wp-json\/wp\/v2\/product\/138","targetHints":{"allow":["GET"]}}],"collection":[{"href":"https:\/\/virunga-coffee.com\/en\/wp-json\/wp\/v2\/product"}],"about":[{"href":"https:\/\/virunga-coffee.com\/en\/wp-json\/wp\/v2\/types\/product"}],"replies":[{"embeddable":true,"href":"https:\/\/virunga-coffee.com\/en\/wp-json\/wp\/v2\/comments?post=138"}],"wp:featuredmedia":[{"embeddable":true,"href":"https:\/\/virunga-coffee.com\/en\/wp-json\/wp\/v2\/media\/37"}],"wp:attachment":[{"href":"https:\/\/virunga-coffee.com\/en\/wp-json\/wp\/v2\/media?parent=138"}],"wp:term":[{"taxonomy":"product_brand","embeddable":true,"href":"https:\/\/virunga-coffee.com\/en\/wp-json\/wp\/v2\/product_brand?post=138"},{"taxonomy":"product_cat","embeddable":true,"href":"https:\/\/virunga-coffee.com\/en\/wp-json\/wp\/v2\/product_cat?post=138"},{"taxonomy":"product_tag","embeddable":true,"href":"https:\/\/virunga-coffee.com\/en\/wp-json\/wp\/v2\/product_tag?post=138"}],"curies":[{"name":"wp","href":"https:\/\/api.w.org\/{rel}","templated":true}]}}