{"id":145,"date":"2026-04-24T11:57:15","date_gmt":"2026-04-24T11:57:15","guid":{"rendered":"https:\/\/virunga-coffee.com\/?post_type=product&#038;p=145"},"modified":"2026-04-24T11:58:49","modified_gmt":"2026-04-24T11:58:49","slug":"arabica-85","status":"publish","type":"product","link":"https:\/\/virunga-coffee.com\/en\/product\/arabica-85\/","title":{"rendered":"Arabica 85+"},"content":{"rendered":"<p>Arabica 85+ est un caf\u00e9 premium issu des r\u00e9gions volcaniques du Nord-Kivu, en R\u00e9publique D\u00e9mocratique du Congo.<\/p>\n<p>Cultiv\u00e9 en altitude sur des sols riches, ce caf\u00e9 se distingue par sa qualit\u00e9 sup\u00e9rieure et son profil raffin\u00e9, offrant une tasse \u00e9l\u00e9gante et expressive.<\/p>\n<p>Origine : R\u00e9publique D\u00e9mocratique du Congo<br \/>\nR\u00e9gion : Nord-Kivu<br \/>\nAltitude : 1500 \u2013 2000 m<br \/>\nVari\u00e9t\u00e9 : Bourbon Arabica<br \/>\nProcess : Lav\u00e9 (Fully Washed)<br \/>\nSol : Volcanique<\/p>\n<p>Certifi\u00e9 Bio (EU) et Fairtrade.<\/p>\n<p>Disponible en grains ou moulu.<\/p>","protected":false},"excerpt":{"rendered":"<p data-start=\"1097\" data-end=\"1186\">Caf\u00e9 premium de RDC, raffin\u00e9 et expressif, issu de terroirs volcaniques du Nord-Kivu.<\/p>","protected":false},"featured_media":36,"comment_status":"open","ping_status":"closed","template":"","meta":[],"product_brand":[],"product_cat":[19],"product_tag":[],"class_list":{"0":"post-145","1":"product","2":"type-product","3":"status-publish","4":"has-post-thumbnail","6":"product_cat-rdc-congo","8":"first","9":"instock","10":"shipping-taxable","11":"purchasable","12":"product-type-variable"},"jetpack_sharing_enabled":true,"_links":{"self":[{"href":"https:\/\/virunga-coffee.com\/en\/wp-json\/wp\/v2\/product\/145","targetHints":{"allow":["GET"]}}],"collection":[{"href":"https:\/\/virunga-coffee.com\/en\/wp-json\/wp\/v2\/product"}],"about":[{"href":"https:\/\/virunga-coffee.com\/en\/wp-json\/wp\/v2\/types\/product"}],"replies":[{"embeddable":true,"href":"https:\/\/virunga-coffee.com\/en\/wp-json\/wp\/v2\/comments?post=145"}],"wp:featuredmedia":[{"embeddable":true,"href":"https:\/\/virunga-coffee.com\/en\/wp-json\/wp\/v2\/media\/36"}],"wp:attachment":[{"href":"https:\/\/virunga-coffee.com\/en\/wp-json\/wp\/v2\/media?parent=145"}],"wp:term":[{"taxonomy":"product_brand","embeddable":true,"href":"https:\/\/virunga-coffee.com\/en\/wp-json\/wp\/v2\/product_brand?post=145"},{"taxonomy":"product_cat","embeddable":true,"href":"https:\/\/virunga-coffee.com\/en\/wp-json\/wp\/v2\/product_cat?post=145"},{"taxonomy":"product_tag","embeddable":true,"href":"https:\/\/virunga-coffee.com\/en\/wp-json\/wp\/v2\/product_tag?post=145"}],"curies":[{"name":"wp","href":"https:\/\/api.w.org\/{rel}","templated":true}]}}