{"id":148,"date":"2026-04-24T11:59:19","date_gmt":"2026-04-24T11:59:19","guid":{"rendered":"https:\/\/virunga-coffee.com\/?post_type=product&#038;p=148"},"modified":"2026-04-24T12:01:22","modified_gmt":"2026-04-24T12:01:22","slug":"okapi","status":"publish","type":"product","link":"https:\/\/virunga-coffee.com\/en\/product\/okapi\/","title":{"rendered":"Okapi"},"content":{"rendered":"<p>Okapi est un caf\u00e9 Arabica \u00e9quilibr\u00e9 et accessible, cultiv\u00e9 dans les sols volcaniques du Nord-Kivu, en R\u00e9publique D\u00e9mocratique du Congo.<\/p>\n<p>Fiable et constant, il offre une tasse douce et harmonieuse, id\u00e9ale pour une consommation quotidienne tout en mettant en valeur l\u2019origine congolaise.<\/p>\n<p>Origine : R\u00e9publique D\u00e9mocratique du Congo<br \/>\nR\u00e9gion : Nord-Kivu<br \/>\nAltitude : 1500 \u2013 2000 m<br \/>\nVari\u00e9t\u00e9 : Bourbon Arabica<br \/>\nProcess : Lav\u00e9 (Fully Washed)<\/p>\n<p>Certifi\u00e9 Bio (EU) et Fairtrade.<\/p>\n<p>Disponible en grains ou moulu.<\/p>","protected":false},"excerpt":{"rendered":"<p data-start=\"1097\" data-end=\"1186\">Caf\u00e9 Arabica de RDC, \u00e9quilibr\u00e9 et accessible, id\u00e9al pour une consommation quotidienne.<\/p>","protected":false},"featured_media":39,"comment_status":"open","ping_status":"closed","template":"","meta":[],"product_brand":[],"product_cat":[19],"product_tag":[],"class_list":{"0":"post-148","1":"product","2":"type-product","3":"status-publish","4":"has-post-thumbnail","6":"product_cat-rdc-congo","8":"first","9":"instock","10":"shipping-taxable","11":"purchasable","12":"product-type-variable"},"jetpack_sharing_enabled":true,"_links":{"self":[{"href":"https:\/\/virunga-coffee.com\/en\/wp-json\/wp\/v2\/product\/148","targetHints":{"allow":["GET"]}}],"collection":[{"href":"https:\/\/virunga-coffee.com\/en\/wp-json\/wp\/v2\/product"}],"about":[{"href":"https:\/\/virunga-coffee.com\/en\/wp-json\/wp\/v2\/types\/product"}],"replies":[{"embeddable":true,"href":"https:\/\/virunga-coffee.com\/en\/wp-json\/wp\/v2\/comments?post=148"}],"wp:featuredmedia":[{"embeddable":true,"href":"https:\/\/virunga-coffee.com\/en\/wp-json\/wp\/v2\/media\/39"}],"wp:attachment":[{"href":"https:\/\/virunga-coffee.com\/en\/wp-json\/wp\/v2\/media?parent=148"}],"wp:term":[{"taxonomy":"product_brand","embeddable":true,"href":"https:\/\/virunga-coffee.com\/en\/wp-json\/wp\/v2\/product_brand?post=148"},{"taxonomy":"product_cat","embeddable":true,"href":"https:\/\/virunga-coffee.com\/en\/wp-json\/wp\/v2\/product_cat?post=148"},{"taxonomy":"product_tag","embeddable":true,"href":"https:\/\/virunga-coffee.com\/en\/wp-json\/wp\/v2\/product_tag?post=148"}],"curies":[{"name":"wp","href":"https:\/\/api.w.org\/{rel}","templated":true}]}}